{"id":1203,"date":"2022-02-08T14:42:35","date_gmt":"2022-02-08T14:42:35","guid":{"rendered":"https:\/\/mmz.mx\/?page_id=1203"},"modified":"2024-11-26T15:35:52","modified_gmt":"2024-11-26T15:35:52","slug":"videos-descargas","status":"publish","type":"page","link":"https:\/\/mmz.mx\/en\/videos-descargas\/","title":{"rendered":"Videos &amp; downloads"},"content":{"rendered":"<div class=\"wpb-content-wrapper\"><section data-vc-full-width=\"true\" data-vc-full-width-init=\"false\" class=\"vc_section vc_custom_1644335474746 vc_section-has-fill vc_row-o-full-height\"><div class=\"vc_row wpb_row vc_row-fluid vc_custom_1630648040183\"><div class=\"hm2_aboutus_right wpb_column vc_column_container vc_col-sm-12\"><div class=\"vc_column-inner vc_custom_1630652533569\"><div class=\"wpb_wrapper\">\n\t<div class=\"wpb_text_column wpb_content_element\" >\n\t\t<div class=\"wpb_wrapper\">\n\t\t\t<h2 style=\"text-align: center;\">Corporate Video<\/h2>\n\n\t\t<\/div>\n\t<\/div>\n<div class=\"vc_empty_space\"   style=\"height: 32px\"><span class=\"vc_empty_space_inner\"><\/span><\/div>\n\t<div class=\"wpb_video_widget wpb_content_element vc_clearfix   vc_video-aspect-ratio-169 vc_video-el-width-80 vc_video-align-center\" >\n\t\t<div class=\"wpb_wrapper\">\n\t\t\t\n\t\t\t<div class=\"wpb_video_wrapper\"><iframe loading=\"lazy\" title=\"Moldes Mendoza Ingl\u00e9s 2024\" width=\"500\" height=\"281\" src=\"https:\/\/www.youtube.com\/embed\/Efs8Uf77k4w?feature=oembed\" frameborder=\"0\" allow=\"accelerometer; autoplay; clipboard-write; encrypted-media; gyroscope; picture-in-picture; web-share\" referrerpolicy=\"strict-origin-when-cross-origin\" allowfullscreen><\/iframe><\/div>\n\t\t<\/div>\n\t<\/div>\n<\/div><\/div><\/div><\/div><\/section><div class=\"vc_row-full-width vc_clearfix\"><\/div><div class=\"vc_row wpb_row vc_row-fluid\"><div class=\"wpb_column vc_column_container vc_col-sm-12\"><div class=\"vc_column-inner\"><div class=\"wpb_wrapper\"><div class=\"vc_empty_space\"   style=\"height: 50px\"><span class=\"vc_empty_space_inner\"><\/span><\/div>\n\t<div class=\"wpb_text_column wpb_content_element vc_custom_1645442266407\" >\n\t\t<div class=\"wpb_wrapper\">\n\t\t\t<h2 style=\"text-align: center;\">Presentation<\/h2>\n\n\t\t<\/div>\n\t<\/div>\n<\/div><\/div><\/div><\/div><div class=\"vc_row wpb_row vc_row-fluid\"><div class=\"wpb_column vc_column_container vc_col-sm-3\"><div class=\"vc_column-inner\"><div class=\"wpb_wrapper\"><\/div><\/div><\/div><div class=\"wpb_animate_when_almost_visible wpb_fadeInUp fadeInUp wpb_column vc_column_container vc_col-sm-3\"><div class=\"vc_column-inner\"><div class=\"wpb_wrapper\">\n\t<div class=\"wpb_text_column wpb_content_element\" >\n\t\t<div class=\"wpb_wrapper\">\n\t\t\t<p style=\"text-align: center;\">Spanish Presentation:<\/p>\n\n\t\t<\/div>\n\t<\/div>\n<div class=\"vc_btn3-container vc_btn3-center vc_do_btn\" ><a class=\"vc_general vc_btn3 vc_btn3-size-md vc_btn3-shape-rounded vc_btn3-style-modern vc_btn3-icon-left vc_btn3-color-warning\" href=\"https:\/\/mmz.mx\/wp-content\/uploads\/2024\/11\/Presentacion-Moldes-Mendoza-2024.pdf\" title=\"\" target=\"_blank\"><i class=\"vc_btn3-icon fas fa-file-pdf\"><\/i> DOWNLOAD PDF<\/a><\/div><\/div><\/div><\/div><div class=\"wpb_animate_when_almost_visible wpb_fadeInUp fadeInUp wpb_column vc_column_container vc_col-sm-3\"><div class=\"vc_column-inner\"><div class=\"wpb_wrapper\">\n\t<div class=\"wpb_text_column wpb_content_element\" >\n\t\t<div class=\"wpb_wrapper\">\n\t\t\t<p style=\"text-align: center;\">English presentation:<\/p>\n\n\t\t<\/div>\n\t<\/div>\n<div class=\"vc_btn3-container vc_btn3-center vc_do_btn\" ><a class=\"vc_general vc_btn3 vc_btn3-size-md vc_btn3-shape-rounded vc_btn3-style-modern vc_btn3-icon-left vc_btn3-color-warning\" href=\"https:\/\/mmz.mx\/wp-content\/uploads\/2024\/11\/Moldes-Mendoza-Presentation-2024.pdf\" title=\"\" target=\"_blank\"><i class=\"vc_btn3-icon fas fa-file-pdf\"><\/i> DOWNLOAD PDF<\/a><\/div><\/div><\/div><\/div><div class=\"wpb_column vc_column_container vc_col-sm-3\"><div class=\"vc_column-inner\"><div class=\"wpb_wrapper\"><\/div><\/div><\/div><\/div>\n<\/div>","protected":false},"excerpt":{"rendered":"Video Corporativo Presentaci\u00f3n Presentaci\u00f3n en Espa\u00f1ol: DESCARGAR PDF Presentaci\u00f3n en Ingl\u00e9s: DESCARGAR PDF","protected":false},"author":1,"featured_media":0,"parent":0,"menu_order":0,"comment_status":"closed","ping_status":"closed","template":"","meta":{"footnotes":""},"class_list":["post-1203","page","type-page","status-publish","hentry"],"_links":{"self":[{"href":"https:\/\/mmz.mx\/en\/wp-json\/wp\/v2\/pages\/1203","targetHints":{"allow":["GET"]}}],"collection":[{"href":"https:\/\/mmz.mx\/en\/wp-json\/wp\/v2\/pages"}],"about":[{"href":"https:\/\/mmz.mx\/en\/wp-json\/wp\/v2\/types\/page"}],"author":[{"embeddable":true,"href":"https:\/\/mmz.mx\/en\/wp-json\/wp\/v2\/users\/1"}],"replies":[{"embeddable":true,"href":"https:\/\/mmz.mx\/en\/wp-json\/wp\/v2\/comments?post=1203"}],"version-history":[{"count":20,"href":"https:\/\/mmz.mx\/en\/wp-json\/wp\/v2\/pages\/1203\/revisions"}],"predecessor-version":[{"id":1454,"href":"https:\/\/mmz.mx\/en\/wp-json\/wp\/v2\/pages\/1203\/revisions\/1454"}],"wp:attachment":[{"href":"https:\/\/mmz.mx\/en\/wp-json\/wp\/v2\/media?parent=1203"}],"curies":[{"name":"wp","href":"https:\/\/api.w.org\/{rel}","templated":true}]}}