{"id":1309,"date":"2022-03-08T16:49:56","date_gmt":"2022-03-08T16:49:56","guid":{"rendered":"https:\/\/mmz.mx\/?page_id=1309"},"modified":"2022-04-27T16:43:29","modified_gmt":"2022-04-27T16:43:29","slug":"news","status":"publish","type":"page","link":"https:\/\/mmz.mx\/en\/news\/","title":{"rendered":"News"},"content":{"rendered":"<div class=\"wpb-content-wrapper\"><div data-vc-full-width=\"true\" data-vc-full-width-init=\"false\" data-vc-stretch-content=\"true\" class=\"vc_row wpb_row vc_row-fluid vc_row-no-padding\"><div class=\"wpb_column vc_column_container vc_col-sm-12\"><div class=\"vc_column-inner\"><div class=\"wpb_wrapper\">\n\t<div class=\"wpb_text_column wpb_content_element\" >\n\t\t<div class=\"wpb_wrapper\">\n\t\t\t\n\t\t\t<!-- START news REVOLUTION SLIDER 6.7.18 --><p class=\"rs-p-wp-fix\"><\/p>\n\t\t\t<rs-module-wrap id=\"rev_slider_6_1_wrapper\" data-source=\"gallery\" style=\"visibility:hidden;background:transparent;padding:0;margin:0px auto;margin-top:0;margin-bottom:0;\">\n\t\t\t\t<rs-module id=\"rev_slider_6_1\" style=\"\" data-version=\"6.7.18\">\n\t\t\t\t\t<rs-slides style=\"overflow: hidden; position: absolute;\">\n\t\t\t\t\t\t<rs-slide style=\"position: absolute;\" data-key=\"rs-19\" data-title=\"Slide\" data-anim=\"adpr:false;\" data-in=\"o:0;\" data-out=\"a:false;\">\n\t\t\t\t\t\t\t<img decoding=\"async\" src=\"\/\/mmz.mx\/wp-content\/plugins\/revslider\/sr6\/assets\/assets\/dummy.png\" alt=\"\" title=\"Baner studer\" width=\"1920\" height=\"868\" class=\"rev-slidebg tp-rs-img rs-lazyload\" data-lazyload=\"\/\/mmz.mx\/wp-content\/uploads\/2023\/02\/Baner-studer.png\" data-no-retina>\n<!--\n\t\t\t\t\t\t\t--><rs-layer\n\t\t\t\t\t\t\t\tid=\"slider-6-slide-19-layer-1\" \n\t\t\t\t\t\t\t\tclass=\"rev-btn\"\n\t\t\t\t\t\t\t\tdata-type=\"button\"\n\t\t\t\t\t\t\t\tdata-color=\"#171f30\"\n\t\t\t\t\t\t\t\tdata-rsp_ch=\"on\"\n\t\t\t\t\t\t\t\tdata-xy=\"xo:28px,20px,16px,33px;yo:618px,432px,324px,288px;\"\n\t\t\t\t\t\t\t\tdata-text=\"w:normal;s:15,15,15,9;l:15,12,9,6;ls:1px,0px,0px,0px;fw:500;\"\n\t\t\t\t\t\t\t\tdata-dim=\"minh:0px,none,none,none;\"\n\t\t\t\t\t\t\t\tdata-vbility=\"f,f,f,f\"\n\t\t\t\t\t\t\t\tdata-padding=\"t:16,16,14,9;r:30,30,30,19;b:16,16,14,9;l:30,30,30,19;\"\n\t\t\t\t\t\t\t\tdata-border=\"bor:3px,3px,3px,3px;\"\n\t\t\t\t\t\t\t\tdata-frame_1=\"e:power4.inOut;sp:1500;\"\n\t\t\t\t\t\t\t\tdata-frame_999=\"o:0;st:w;\"\n\t\t\t\t\t\t\t\tdata-frame_hover=\"c:#fff;bgc:#51c5e9;bor:0px,0px,0px,0px;sp:200;e:power1.inOut;\"\n\t\t\t\t\t\t\t\tstyle=\"z-index:12;background-color:#ffba00;font-family:'Roboto';\"\n\t\t\t\t\t\t\t>ABOUT US \n\t\t\t\t\t\t\t<\/rs-layer><!--\n\n\t\t\t\t\t\t\t--><rs-layer\n\t\t\t\t\t\t\t\tid=\"slider-6-slide-19-layer-2\" \n\t\t\t\t\t\t\t\tdata-type=\"text\"\n\t\t\t\t\t\t\t\tdata-rsp_ch=\"on\"\n\t\t\t\t\t\t\t\tdata-xy=\"x:l,l,l,c;xo:24px,9px,13px,-36px;yo:56px,5px,11px,86px;\"\n\t\t\t\t\t\t\t\tdata-text=\"w:normal;s:50,50,35,35;l:55,55,40,40;ls:0.5px,0px,0px,0px;fw:700;\"\n\t\t\t\t\t\t\t\tdata-dim=\"w:451px,451px,368px,368px;\"\n\t\t\t\t\t\t\t\tdata-frame_1=\"e:power2.inOut;st:500;\"\n\t\t\t\t\t\t\t\tdata-frame_999=\"o:0;e:nothing;st:w;\"\n\t\t\t\t\t\t\t\tstyle=\"z-index:10;font-family:'Roboto';\"\n\t\t\t\t\t\t\t>Rectificado Cil\u00edndrico con nueva m\u00e1quina STUDER S-33 CNC \n\t\t\t\t\t\t\t<\/rs-layer><!--\n\n\t\t\t\t\t\t\t--><rs-layer\n\t\t\t\t\t\t\t\tid=\"slider-6-slide-19-layer-3\" \n\t\t\t\t\t\t\t\tdata-type=\"shape\"\n\t\t\t\t\t\t\t\tdata-rsp_ch=\"on\"\n\t\t\t\t\t\t\t\tdata-xy=\"x:l,l,l,c;xo:50px,41px,31px,0;y:t,t,t,m;yo:49px,40px,30px,0;\"\n\t\t\t\t\t\t\t\tdata-text=\"w:normal;s:20,16,12,7;l:0,20,15,9;\"\n\t\t\t\t\t\t\t\tdata-dim=\"w:300px,247px,187px,100%;h:180px,148px,112px,100%;\"\n\t\t\t\t\t\t\t\tdata-vbility=\"f,f,f,t\"\n\t\t\t\t\t\t\t\tdata-frame_999=\"o:0;st:w;\"\n\t\t\t\t\t\t\t\tstyle=\"z-index:8;background-color:rgba(6,44,83,0.8);\"\n\t\t\t\t\t\t\t> \n\t\t\t\t\t\t\t<\/rs-layer><!--\n\n\t\t\t\t\t\t\t--><rs-layer\n\t\t\t\t\t\t\t\tid=\"slider-6-slide-19-layer-4\" \n\t\t\t\t\t\t\t\tdata-type=\"text\"\n\t\t\t\t\t\t\t\tdata-rsp_ch=\"on\"\n\t\t\t\t\t\t\t\tdata-xy=\"xo:25px,12px,14px,29px;yo:316px,89px,70px,159px;\"\n\t\t\t\t\t\t\t\tdata-text=\"w:normal;s:15;l:22,27,27,27;ls:0.5px,0px,0px,0px;\"\n\t\t\t\t\t\t\t\tdata-dim=\"w:414.943px,414px,281.991px,281px;\"\n\t\t\t\t\t\t\t\tdata-vbility=\"t,t,t,f\"\n\t\t\t\t\t\t\t\tdata-frame_1=\"e:power2.inOut;st:500;\"\n\t\t\t\t\t\t\t\tdata-frame_999=\"o:0;e:nothing;st:w;\"\n\t\t\t\t\t\t\t\tstyle=\"z-index:9;font-family:'Open Sans';\"\n\t\t\t\t\t\t\t><h4 style=\"color:#87CEEB\">Ponemos a su disposici\u00f3n el <u>Servicio de Rectificado Cil\u00edndrico con nueva m\u00e1quina STUDER S-33 CNC.<\/u><br>\nExteriores, Interiores, Tallado de Roscas y Caras. <br>\nMax. exterior \u00d8320 mm x 800 mm largo. <br>\nPodemos rectificar desde una sola pieza hasta producci\u00f3n en serie.<br>\nPara m\u00e1s informaci\u00f3n comunicarse al: <br> 333-627-4100 Ext. 106 <br>O v\u00eda correo a: \n<a style=\"color:#87CEEB\" href=\"mailto:ventas@mmz.mx\">ventas@mmz.mx<\/a>\n<\/h4> \n\t\t\t\t\t\t\t<\/rs-layer><!--\n\n\t\t\t\t\t\t\t--><rs-layer\n\t\t\t\t\t\t\t\tid=\"slider-6-slide-19-layer-5\" \n\t\t\t\t\t\t\t\tclass=\"rev-btn\"\n\t\t\t\t\t\t\t\tdata-type=\"button\"\n\t\t\t\t\t\t\t\tdata-color=\"#171f30\"\n\t\t\t\t\t\t\t\tdata-rsp_ch=\"on\"\n\t\t\t\t\t\t\t\tdata-xy=\"xo:260px,241px,16px,38px;yo:617px,433px,400px,338px;\"\n\t\t\t\t\t\t\t\tdata-text=\"w:normal;s:15,15,15,9;l:15,12,9,6;ls:1px,0px,0px,0px;fw:500;\"\n\t\t\t\t\t\t\t\tdata-dim=\"minh:0px,none,none,none;\"\n\t\t\t\t\t\t\t\tdata-vbility=\"f,f,f,f\"\n\t\t\t\t\t\t\t\tdata-padding=\"t:16,16,14,9;r:30,30,30,19;b:16,16,14,9;l:30,30,30,19;\"\n\t\t\t\t\t\t\t\tdata-border=\"bor:3px,3px,3px,3px;\"\n\t\t\t\t\t\t\t\tdata-frame_1=\"e:power4.inOut;sp:1500;\"\n\t\t\t\t\t\t\t\tdata-frame_999=\"o:0;st:w;\"\n\t\t\t\t\t\t\t\tdata-frame_hover=\"c:#fff;bgc:#51c5e9;bor:0px,0px,0px,0px;sp:200;e:power1.inOut;\"\n\t\t\t\t\t\t\t\tstyle=\"z-index:11;background-color:#ffba00;font-family:'Roboto';\"\n\t\t\t\t\t\t\t>SERVICES \n\t\t\t\t\t\t\t<\/rs-layer><!--\n-->\t\t\t\t\t<\/rs-slide>\n\t\t\t\t\t\t<rs-slide style=\"position: absolute;\" data-key=\"rs-26\" data-title=\"Slide\" data-anim=\"adpr:false;\" data-in=\"o:0;\" data-out=\"a:false;\">\n\t\t\t\t\t\t\t<img decoding=\"async\" src=\"\/\/mmz.mx\/wp-content\/plugins\/revslider\/sr6\/assets\/assets\/dummy.png\" alt=\"\" title=\"banner 333\" width=\"1920\" height=\"867\" class=\"rev-slidebg tp-rs-img rs-lazyload\" data-lazyload=\"\/\/mmz.mx\/wp-content\/uploads\/2022\/03\/banner-333.jpg\" data-no-retina>\n<!--\n\t\t\t\t\t\t\t--><rs-layer\n\t\t\t\t\t\t\t\tid=\"slider-6-slide-26-layer-1\" \n\t\t\t\t\t\t\t\tclass=\"rev-btn\"\n\t\t\t\t\t\t\t\tdata-type=\"button\"\n\t\t\t\t\t\t\t\tdata-color=\"#171f30\"\n\t\t\t\t\t\t\t\tdata-rsp_ch=\"on\"\n\t\t\t\t\t\t\t\tdata-xy=\"xo:28px,20px,16px,33px;yo:618px,432px,324px,288px;\"\n\t\t\t\t\t\t\t\tdata-text=\"w:normal;s:15,15,15,9;l:15,12,9,6;ls:1px,0px,0px,0px;fw:500;\"\n\t\t\t\t\t\t\t\tdata-dim=\"minh:0px,none,none,none;\"\n\t\t\t\t\t\t\t\tdata-vbility=\"f,f,f,f\"\n\t\t\t\t\t\t\t\tdata-padding=\"t:16,16,14,9;r:30,30,30,19;b:16,16,14,9;l:30,30,30,19;\"\n\t\t\t\t\t\t\t\tdata-border=\"bor:3px,3px,3px,3px;\"\n\t\t\t\t\t\t\t\tdata-frame_1=\"e:power4.inOut;sp:1500;\"\n\t\t\t\t\t\t\t\tdata-frame_999=\"o:0;st:w;\"\n\t\t\t\t\t\t\t\tdata-frame_hover=\"c:#fff;bgc:#51c5e9;bor:0px,0px,0px,0px;sp:200;e:power1.inOut;\"\n\t\t\t\t\t\t\t\tstyle=\"z-index:12;background-color:#ffba00;font-family:'Roboto';\"\n\t\t\t\t\t\t\t>ABOUT US \n\t\t\t\t\t\t\t<\/rs-layer><!--\n\n\t\t\t\t\t\t\t--><rs-layer\n\t\t\t\t\t\t\t\tid=\"slider-6-slide-26-layer-2\" \n\t\t\t\t\t\t\t\tdata-type=\"text\"\n\t\t\t\t\t\t\t\tdata-rsp_ch=\"on\"\n\t\t\t\t\t\t\t\tdata-xy=\"x:l,l,l,c;xo:24px,9px,13px,-36px;yo:56px,5px,11px,86px;\"\n\t\t\t\t\t\t\t\tdata-text=\"w:normal;s:50,50,35,35;l:55,55,40,40;ls:0.5px,0px,0px,0px;fw:700;\"\n\t\t\t\t\t\t\t\tdata-dim=\"w:451px,451px,368px,368px;\"\n\t\t\t\t\t\t\t\tdata-frame_1=\"e:power2.inOut;st:500;\"\n\t\t\t\t\t\t\t\tdata-frame_999=\"o:0;e:nothing;st:w;\"\n\t\t\t\t\t\t\t\tstyle=\"z-index:10;font-family:'Roboto';\"\n\t\t\t\t\t\t\t>Moldes Mendoza \n\t\t\t\t\t\t\t<\/rs-layer><!--\n\n\t\t\t\t\t\t\t--><rs-layer\n\t\t\t\t\t\t\t\tid=\"slider-6-slide-26-layer-3\" \n\t\t\t\t\t\t\t\tdata-type=\"shape\"\n\t\t\t\t\t\t\t\tdata-rsp_ch=\"on\"\n\t\t\t\t\t\t\t\tdata-xy=\"x:l,l,l,c;xo:50px,41px,31px,0;y:t,t,t,m;yo:50px,41px,31px,0;\"\n\t\t\t\t\t\t\t\tdata-text=\"w:normal;s:20,16,12,7;l:0,20,15,9;\"\n\t\t\t\t\t\t\t\tdata-dim=\"w:300px,247px,187px,100%;h:180px,148px,112px,100%;\"\n\t\t\t\t\t\t\t\tdata-vbility=\"f,f,f,t\"\n\t\t\t\t\t\t\t\tdata-frame_999=\"o:0;st:w;\"\n\t\t\t\t\t\t\t\tstyle=\"z-index:8;background-color:rgba(6,44,83,0.8);\"\n\t\t\t\t\t\t\t> \n\t\t\t\t\t\t\t<\/rs-layer><!--\n\n\t\t\t\t\t\t\t--><rs-layer\n\t\t\t\t\t\t\t\tid=\"slider-6-slide-26-layer-4\" \n\t\t\t\t\t\t\t\tdata-type=\"text\"\n\t\t\t\t\t\t\t\tdata-rsp_ch=\"on\"\n\t\t\t\t\t\t\t\tdata-xy=\"xo:27px,12px,14px,29px;yo:165px,89px,70px,159px;\"\n\t\t\t\t\t\t\t\tdata-text=\"w:normal;s:15;l:22,27,27,27;ls:0.5px,0px,0px,0px;\"\n\t\t\t\t\t\t\t\tdata-dim=\"w:414.943px,414px,281.991px,281px;\"\n\t\t\t\t\t\t\t\tdata-vbility=\"t,t,t,f\"\n\t\t\t\t\t\t\t\tdata-frame_1=\"e:power2.inOut;st:500;\"\n\t\t\t\t\t\t\t\tdata-frame_999=\"o:0;e:nothing;st:w;\"\n\t\t\t\t\t\t\t\tstyle=\"z-index:9;font-family:'Open Sans';\"\n\t\t\t\t\t\t\t><h4 style=\"color:#87CEEB\">We do not have news to show at this time.<\/h4> \n\t\t\t\t\t\t\t<\/rs-layer><!--\n\n\t\t\t\t\t\t\t--><rs-layer\n\t\t\t\t\t\t\t\tid=\"slider-6-slide-26-layer-5\" \n\t\t\t\t\t\t\t\tclass=\"rev-btn\"\n\t\t\t\t\t\t\t\tdata-type=\"button\"\n\t\t\t\t\t\t\t\tdata-color=\"#171f30\"\n\t\t\t\t\t\t\t\tdata-rsp_ch=\"on\"\n\t\t\t\t\t\t\t\tdata-xy=\"xo:260px,241px,16px,38px;yo:617px,433px,400px,338px;\"\n\t\t\t\t\t\t\t\tdata-text=\"w:normal;s:15,15,15,9;l:15,12,9,6;ls:1px,0px,0px,0px;fw:500;\"\n\t\t\t\t\t\t\t\tdata-dim=\"minh:0px,none,none,none;\"\n\t\t\t\t\t\t\t\tdata-vbility=\"f,f,f,f\"\n\t\t\t\t\t\t\t\tdata-padding=\"t:16,16,14,9;r:30,30,30,19;b:16,16,14,9;l:30,30,30,19;\"\n\t\t\t\t\t\t\t\tdata-border=\"bor:3px,3px,3px,3px;\"\n\t\t\t\t\t\t\t\tdata-frame_1=\"e:power4.inOut;sp:1500;\"\n\t\t\t\t\t\t\t\tdata-frame_999=\"o:0;st:w;\"\n\t\t\t\t\t\t\t\tdata-frame_hover=\"c:#fff;bgc:#51c5e9;bor:0px,0px,0px,0px;sp:200;e:power1.inOut;\"\n\t\t\t\t\t\t\t\tstyle=\"z-index:11;background-color:#ffba00;font-family:'Roboto';\"\n\t\t\t\t\t\t\t>SERVICES \n\t\t\t\t\t\t\t<\/rs-layer><!--\n-->\t\t\t\t\t<\/rs-slide>\n\t\t\t\t\t\t<rs-slide style=\"position: absolute;\" data-key=\"rs-27\" data-title=\"Slide\" data-anim=\"adpr:false;\" data-in=\"o:0;\" data-out=\"a:false;\">\n\t\t\t\t\t\t\t<img decoding=\"async\" src=\"\/\/mmz.mx\/wp-content\/plugins\/revslider\/sr6\/assets\/assets\/dummy.png\" alt=\"\" title=\"banner 444\" width=\"1920\" height=\"867\" class=\"rev-slidebg tp-rs-img rs-lazyload\" data-lazyload=\"\/\/mmz.mx\/wp-content\/uploads\/2022\/03\/banner-444.jpg\" data-no-retina>\n<!--\n\t\t\t\t\t\t\t--><rs-layer\n\t\t\t\t\t\t\t\tid=\"slider-6-slide-27-layer-1\" \n\t\t\t\t\t\t\t\tclass=\"rev-btn\"\n\t\t\t\t\t\t\t\tdata-type=\"button\"\n\t\t\t\t\t\t\t\tdata-color=\"#171f30\"\n\t\t\t\t\t\t\t\tdata-rsp_ch=\"on\"\n\t\t\t\t\t\t\t\tdata-xy=\"xo:28px,20px,16px,33px;yo:618px,432px,324px,288px;\"\n\t\t\t\t\t\t\t\tdata-text=\"w:normal;s:15,15,15,9;l:15,12,9,6;ls:1px,0px,0px,0px;fw:500;\"\n\t\t\t\t\t\t\t\tdata-dim=\"minh:0px,none,none,none;\"\n\t\t\t\t\t\t\t\tdata-vbility=\"f,f,f,f\"\n\t\t\t\t\t\t\t\tdata-padding=\"t:16,16,14,9;r:30,30,30,19;b:16,16,14,9;l:30,30,30,19;\"\n\t\t\t\t\t\t\t\tdata-border=\"bor:3px,3px,3px,3px;\"\n\t\t\t\t\t\t\t\tdata-frame_1=\"e:power4.inOut;sp:1500;\"\n\t\t\t\t\t\t\t\tdata-frame_999=\"o:0;st:w;\"\n\t\t\t\t\t\t\t\tdata-frame_hover=\"c:#fff;bgc:#51c5e9;bor:0px,0px,0px,0px;sp:200;e:power1.inOut;\"\n\t\t\t\t\t\t\t\tstyle=\"z-index:12;background-color:#ffba00;font-family:'Roboto';\"\n\t\t\t\t\t\t\t>ABOUT US \n\t\t\t\t\t\t\t<\/rs-layer><!--\n\n\t\t\t\t\t\t\t--><rs-layer\n\t\t\t\t\t\t\t\tid=\"slider-6-slide-27-layer-2\" \n\t\t\t\t\t\t\t\tdata-type=\"text\"\n\t\t\t\t\t\t\t\tdata-rsp_ch=\"on\"\n\t\t\t\t\t\t\t\tdata-xy=\"x:l,l,l,c;xo:24px,9px,13px,-36px;yo:56px,5px,11px,86px;\"\n\t\t\t\t\t\t\t\tdata-text=\"w:normal;s:50,50,35,35;l:55,55,40,40;ls:0.5px,0px,0px,0px;fw:700;\"\n\t\t\t\t\t\t\t\tdata-dim=\"w:451px,451px,368px,368px;\"\n\t\t\t\t\t\t\t\tdata-frame_1=\"e:power2.inOut;st:500;\"\n\t\t\t\t\t\t\t\tdata-frame_999=\"o:0;e:nothing;st:w;\"\n\t\t\t\t\t\t\t\tstyle=\"z-index:10;font-family:'Roboto';\"\n\t\t\t\t\t\t\t>Moldes Mendoza \n\t\t\t\t\t\t\t<\/rs-layer><!--\n\n\t\t\t\t\t\t\t--><rs-layer\n\t\t\t\t\t\t\t\tid=\"slider-6-slide-27-layer-3\" \n\t\t\t\t\t\t\t\tdata-type=\"shape\"\n\t\t\t\t\t\t\t\tdata-rsp_ch=\"on\"\n\t\t\t\t\t\t\t\tdata-xy=\"x:l,l,l,c;xo:50px,41px,31px,0;y:t,t,t,m;yo:50px,41px,31px,0;\"\n\t\t\t\t\t\t\t\tdata-text=\"w:normal;s:20,16,12,7;l:0,20,15,9;\"\n\t\t\t\t\t\t\t\tdata-dim=\"w:300px,247px,187px,100%;h:180px,148px,112px,100%;\"\n\t\t\t\t\t\t\t\tdata-vbility=\"f,f,f,t\"\n\t\t\t\t\t\t\t\tdata-frame_999=\"o:0;st:w;\"\n\t\t\t\t\t\t\t\tstyle=\"z-index:8;background-color:rgba(6,44,83,0.8);\"\n\t\t\t\t\t\t\t> \n\t\t\t\t\t\t\t<\/rs-layer><!--\n\n\t\t\t\t\t\t\t--><rs-layer\n\t\t\t\t\t\t\t\tid=\"slider-6-slide-27-layer-4\" \n\t\t\t\t\t\t\t\tdata-type=\"text\"\n\t\t\t\t\t\t\t\tdata-rsp_ch=\"on\"\n\t\t\t\t\t\t\t\tdata-xy=\"xo:26px,12px,14px,29px;yo:166px,89px,70px,159px;\"\n\t\t\t\t\t\t\t\tdata-text=\"w:normal;s:15;l:22,27,27,27;ls:0.5px,0px,0px,0px;\"\n\t\t\t\t\t\t\t\tdata-dim=\"w:414.943px,414px,281.991px,281px;\"\n\t\t\t\t\t\t\t\tdata-vbility=\"t,t,t,f\"\n\t\t\t\t\t\t\t\tdata-frame_1=\"e:power2.inOut;st:500;\"\n\t\t\t\t\t\t\t\tdata-frame_999=\"o:0;e:nothing;st:w;\"\n\t\t\t\t\t\t\t\tstyle=\"z-index:9;font-family:'Open Sans';\"\n\t\t\t\t\t\t\t><h4 style=\"color:#87CEEB\">We do not have news to show at this time.<\/h4> \n\t\t\t\t\t\t\t<\/rs-layer><!--\n\n\t\t\t\t\t\t\t--><rs-layer\n\t\t\t\t\t\t\t\tid=\"slider-6-slide-27-layer-5\" \n\t\t\t\t\t\t\t\tclass=\"rev-btn\"\n\t\t\t\t\t\t\t\tdata-type=\"button\"\n\t\t\t\t\t\t\t\tdata-color=\"#171f30\"\n\t\t\t\t\t\t\t\tdata-rsp_ch=\"on\"\n\t\t\t\t\t\t\t\tdata-xy=\"xo:260px,241px,16px,38px;yo:617px,433px,400px,338px;\"\n\t\t\t\t\t\t\t\tdata-text=\"w:normal;s:15,15,15,9;l:15,12,9,6;ls:1px,0px,0px,0px;fw:500;\"\n\t\t\t\t\t\t\t\tdata-dim=\"minh:0px,none,none,none;\"\n\t\t\t\t\t\t\t\tdata-vbility=\"f,f,f,f\"\n\t\t\t\t\t\t\t\tdata-padding=\"t:16,16,14,9;r:30,30,30,19;b:16,16,14,9;l:30,30,30,19;\"\n\t\t\t\t\t\t\t\tdata-border=\"bor:3px,3px,3px,3px;\"\n\t\t\t\t\t\t\t\tdata-frame_1=\"e:power4.inOut;sp:1500;\"\n\t\t\t\t\t\t\t\tdata-frame_999=\"o:0;st:w;\"\n\t\t\t\t\t\t\t\tdata-frame_hover=\"c:#fff;bgc:#51c5e9;bor:0px,0px,0px,0px;sp:200;e:power1.inOut;\"\n\t\t\t\t\t\t\t\tstyle=\"z-index:11;background-color:#ffba00;font-family:'Roboto';\"\n\t\t\t\t\t\t\t>SERVICES \n\t\t\t\t\t\t\t<\/rs-layer><!--\n-->\t\t\t\t\t<\/rs-slide>\n\t\t\t\t\t<\/rs-slides>\n\t\t\t\t<\/rs-module>\n\t\t\t\t<script>\n\t\t\t\t\tsetREVStartSize({c: 'rev_slider_6_1',rl:[1240,1024,778,480],el:[750,700,500,400],gw:[1240,1024,778,480],gh:[750,700,500,400],type:'standard',justify:'',layout:'fullwidth',mh:\"0\"});if (window.RS_MODULES!==undefined && window.RS_MODULES.modules!==undefined && window.RS_MODULES.modules[\"revslider61\"]!==undefined) {window.RS_MODULES.modules[\"revslider61\"].once = false;window.revapi6 = undefined;if (window.RS_MODULES.checkMinimal!==undefined) window.RS_MODULES.checkMinimal()}\n\t\t\t\t<\/script>\n\t\t\t<\/rs-module-wrap>\n\t\t\t<!-- END REVOLUTION SLIDER -->\n\n\n\t\t<\/div>\n\t<\/div>\n<\/div><\/div><\/div><\/div><div class=\"vc_row-full-width vc_clearfix\"><\/div><section data-vc-full-width=\"true\" data-vc-full-width-init=\"false\" class=\"vc_section vc_custom_1644335474746 vc_section-has-fill vc_row-o-full-height\"><div class=\"vc_row wpb_row vc_row-fluid vc_custom_1630648040183\"><div class=\"hm2_aboutus_right wpb_column vc_column_container vc_col-sm-12\"><div class=\"vc_column-inner vc_custom_1630652533569\"><div class=\"wpb_wrapper\">\n\t<div class=\"wpb_text_column wpb_content_element\" >\n\t\t<div class=\"wpb_wrapper\">\n\t\t\t<h2 style=\"text-align: center;\">Please, view our corporate video presentation<\/h2>\n\n\t\t<\/div>\n\t<\/div>\n<div class=\"vc_empty_space\"   style=\"height: 32px\"><span class=\"vc_empty_space_inner\"><\/span><\/div>\n\t<div class=\"wpb_raw_code wpb_raw_html wpb_content_element\" >\n\t\t<div class=\"wpb_wrapper\">\n\t\t\t<div id=\"kgvid_kgvid_0_wrapper\" class=\"kgvid_wrapper\">\n\t\t\t<div id=\"video_kgvid_0_div\" class=\"fitvidsignore kgvid_videodiv\" data-id=\"kgvid_0\" data-kgvid_video_vars=\"{&quot;id&quot;:&quot;kgvid_0&quot;,&quot;attachment_id&quot;:&quot;1318&quot;,&quot;player_type&quot;:&quot;Video.js v8&quot;,&quot;width&quot;:&quot;640&quot;,&quot;height&quot;:&quot;360&quot;,&quot;fullwidth&quot;:&quot;true&quot;,&quot;fixed_aspect&quot;:&quot;vertical&quot;,&quot;countable&quot;:true,&quot;count_views&quot;:&quot;start_complete&quot;,&quot;start&quot;:&quot;&quot;,&quot;autoplay&quot;:&quot;false&quot;,&quot;pauseothervideos&quot;:&quot;true&quot;,&quot;set_volume&quot;:&quot;1&quot;,&quot;muted&quot;:&quot;false&quot;,&quot;meta&quot;:false,&quot;endofvideooverlay&quot;:&quot;&quot;,&quot;resize&quot;:&quot;true&quot;,&quot;auto_res&quot;:&quot;automatic&quot;,&quot;pixel_ratio&quot;:&quot;true&quot;,&quot;right_click&quot;:&quot;on&quot;,&quot;playback_rate&quot;:&quot;false&quot;,&quot;title&quot;:&quot;Moldes Mendoza Corporate Video&quot;,&quot;skip_buttons&quot;:[],&quot;nativecontrolsfortouch&quot;:&quot;false&quot;,&quot;locale&quot;:&quot;en&quot;,&quot;enable_resolutions_plugin&quot;:false}\" itemprop=\"video\" itemscope itemtype=\"https:\/\/schema.org\/VideoObject\"><meta itemprop=\"embedUrl\" content=\"https:\/\/mmz.mx\/?attachment_id=1318&#038;videopack%5Benable%5D=true\"><meta itemprop=\"contentUrl\" content=\"https:\/\/mmz.mx\/wp-content\/uploads\/2022\/03\/Moldes-Mendoza-Corporate-Video.mp4\"><meta itemprop=\"name\" content=\"Moldes Mendoza Corporate Video\"><meta itemprop=\"description\" content=\"Video\"><meta itemprop=\"uploadDate\" content=\"2022-03-08T17:23:42+00:00\">\n\t\t\t\t<video id=\"video_kgvid_0\" playsinline controls preload=\"metadata\" width=\"640\" height=\"360\" class=\"fitvidsignore video-js kg-video-js-skin\">\n\t\t\t\t\t<source src=\"https:\/\/mmz.mx\/wp-content\/uploads\/2022\/03\/Moldes-Mendoza-Corporate-Video.mp4?id=0\" type=\"video\/mp4\" data-res=\"1080p\">\n\t\t\t\t<\/video>\n\t\t\t<\/div>\n\t\t<\/div>\n\t\t<\/div>\n\t<\/div>\n<\/div><\/div><\/div><\/div><\/section><div class=\"vc_row-full-width vc_clearfix\"><\/div><div class=\"vc_row wpb_row vc_row-fluid vc_custom_1646761994833\"><div class=\"wpb_column vc_column_container vc_col-sm-12\"><div class=\"vc_column-inner\"><div class=\"wpb_wrapper\">\n\t<div class=\"wpb_text_column wpb_content_element\" >\n\t\t<div class=\"wpb_wrapper\">\n\t\t\t<h2 style=\"text-align: center;\">Please, download our presentation<\/h2>\n\n\t\t<\/div>\n\t<\/div>\n<\/div><\/div><\/div><\/div><div class=\"vc_row wpb_row vc_row-fluid\"><div class=\"wpb_column vc_column_container vc_col-sm-12\"><div class=\"vc_column-inner\"><div class=\"wpb_wrapper\"><div class=\"vc_btn3-container vc_btn3-center vc_do_btn\" ><a class=\"vc_general vc_btn3 vc_btn3-size-md vc_btn3-shape-rounded vc_btn3-style-modern vc_btn3-icon-left vc_btn3-color-warning\" href=\"https:\/\/mmz.mx\/wp-content\/uploads\/2022\/03\/Moldes-Mendoza-Presentation-1.pdf\" title=\"\" target=\"_blank\"><i class=\"vc_btn3-icon fas fa-file-pdf\"><\/i> DOWNLOAD PDF<\/a><\/div><\/div><\/div><\/div><\/div><div class=\"vc_row wpb_row vc_row-fluid\"><div class=\"wpb_column vc_column_container vc_col-sm-12\"><div class=\"vc_column-inner\"><div class=\"wpb_wrapper\"><div class=\"vc_empty_space\"   style=\"height: 60px\"><span class=\"vc_empty_space_inner\"><\/span><\/div><\/div><\/div><\/div><\/div>\n<\/div>","protected":false},"excerpt":{"rendered":"Sobre Nosotros Rectificado Cil\u00edndrico con nueva m\u00e1quina STUDER S-33 CNC Ponemos a su disposici\u00f3n el Servicio de Rectificado Cil\u00edndrico con nueva ...","protected":false},"author":1,"featured_media":0,"parent":0,"menu_order":0,"comment_status":"closed","ping_status":"closed","template":"","meta":{"footnotes":""},"class_list":["post-1309","page","type-page","status-publish","hentry"],"_links":{"self":[{"href":"https:\/\/mmz.mx\/en\/wp-json\/wp\/v2\/pages\/1309","targetHints":{"allow":["GET"]}}],"collection":[{"href":"https:\/\/mmz.mx\/en\/wp-json\/wp\/v2\/pages"}],"about":[{"href":"https:\/\/mmz.mx\/en\/wp-json\/wp\/v2\/types\/page"}],"author":[{"embeddable":true,"href":"https:\/\/mmz.mx\/en\/wp-json\/wp\/v2\/users\/1"}],"replies":[{"embeddable":true,"href":"https:\/\/mmz.mx\/en\/wp-json\/wp\/v2\/comments?post=1309"}],"version-history":[{"count":16,"href":"https:\/\/mmz.mx\/en\/wp-json\/wp\/v2\/pages\/1309\/revisions"}],"predecessor-version":[{"id":1413,"href":"https:\/\/mmz.mx\/en\/wp-json\/wp\/v2\/pages\/1309\/revisions\/1413"}],"wp:attachment":[{"href":"https:\/\/mmz.mx\/en\/wp-json\/wp\/v2\/media?parent=1309"}],"curies":[{"name":"wp","href":"https:\/\/api.w.org\/{rel}","templated":true}]}}