{"id":168,"date":"2017-02-01T11:19:47","date_gmt":"2017-02-01T11:19:47","guid":{"rendered":"https:\/\/industrial.themechampion.com\/?page_id=168"},"modified":"2022-03-28T08:58:34","modified_gmt":"2022-03-28T08:58:34","slug":"sobre-nosotros","status":"publish","type":"page","link":"https:\/\/mmz.mx\/en\/sobre-nosotros\/","title":{"rendered":"About Us"},"content":{"rendered":"<div class=\"wpb-content-wrapper\"><div class=\"vc_row wpb_row vc_row-fluid vc_custom_1647506322149\"><div class=\"hm2_about_left wpb_column vc_column_container vc_col-sm-6\"><div class=\"vc_column-inner\"><div class=\"wpb_wrapper\">\n\t<div  class=\"wpb_single_image wpb_content_element vc_align_left wpb_content_element vc_custom_1645439689589  about_main_img\">\n\t\t\n\t\t<figure class=\"wpb_wrapper vc_figure\">\n\t\t\t<div class=\"vc_single_image-wrapper   vc_box_border_grey\"><img loading=\"lazy\" decoding=\"async\" width=\"900\" height=\"665\" src=\"https:\/\/mmz.mx\/wp-content\/uploads\/2022\/02\/img_6.jpg\" class=\"vc_single_image-img attachment-full\" alt=\"\" title=\"img_6\" srcset=\"https:\/\/mmz.mx\/wp-content\/uploads\/2022\/02\/img_6.jpg 900w, https:\/\/mmz.mx\/wp-content\/uploads\/2022\/02\/img_6-300x222.jpg 300w, https:\/\/mmz.mx\/wp-content\/uploads\/2022\/02\/img_6-768x567.jpg 768w, https:\/\/mmz.mx\/wp-content\/uploads\/2022\/02\/img_6-16x12.jpg 16w\" sizes=\"auto, (max-width: 900px) 100vw, 900px\" \/><\/div>\n\t\t<\/figure>\n\t<\/div>\n<div class=\"vc_row wpb_row vc_inner vc_row-fluid hm2_experience_box vc_custom_1630675000741 vc_row-has-fill\"><div class=\"wpb_column vc_column_container vc_col-sm-12\"><div class=\"vc_column-inner vc_custom_1630588670260\"><div class=\"wpb_wrapper\">\n\t<div  class=\"wpb_single_image wpb_content_element vc_align_center wpb_content_element vc_custom_1634799762623\">\n\t\t\n\t\t<figure class=\"wpb_wrapper vc_figure\">\n\t\t\t<div class=\"vc_single_image-wrapper   vc_box_border_grey\"><img loading=\"lazy\" decoding=\"async\" width=\"60\" height=\"60\" src=\"https:\/\/mmz.mx\/wp-content\/uploads\/2021\/10\/icon_12.png\" class=\"vc_single_image-img attachment-full\" alt=\"\" title=\"icon_12\" \/><\/div>\n\t\t<\/figure>\n\t<\/div>\n\n\t<div class=\"wpb_text_column wpb_content_element\" >\n\t\t<div class=\"wpb_wrapper\">\n\t\t\t<p style=\"text-align: center; color: #fff;\">Industry Pioneers<\/p>\n\n\t\t<\/div>\n\t<\/div>\n<\/div><\/div><\/div><\/div><\/div><\/div><\/div><div class=\"hm2_about_left wpb_column vc_column_container vc_col-sm-6\"><div class=\"vc_column-inner vc_custom_1630585005491\"><div class=\"wpb_wrapper\">\n\t<div class=\"wpb_text_column wpb_content_element orange_sub_title left_arrange\" >\n\t\t<div class=\"wpb_wrapper\">\n\t\t\t<div class=\"sub_left_line\"><\/div>\n<div class=\"sub_center_text\" style=\"text-align: left;\">Moldes Mendoza<\/div>\n\n\t\t<\/div>\n\t<\/div>\n<div class=\"vc_custom_heading hm_main_title vc_custom_1644329794688\" ><h1 style=\"font-size: 48px;color: #242424;line-height: 1.2;text-align: left\" >ABOUT US<\/h1><\/div><div class=\"vc_custom_heading rs-justify vc_custom_1648457905470\" ><div style=\"font-size: 16px;color: #171f30;line-height: 1.7;text-align: justify;font-family:Open Sans;font-weight:400;font-style:normal\" ><\/p>\n<p class=\"rs-justify\" style=\"font-size: 16px\">Desde 1970, Moldes Mendoza se ha dedicado al dise\u00f1o y fabricaci\u00f3n de moldes de inyecci\u00f3n de alta producci\u00f3n para la industria termopl\u00e1stica.<\/p>\n<p class=\"rs-justify\" style=\"font-size: 16px\">En 1970 Antonio Mendoza Ruiz, quien hab\u00eda trabajado en la industria aeroespacial durante m\u00e1s de 40 a\u00f1os en California, se mud\u00f3 a Guadalajara. Inicia en M\u00e9xico una empresa manufacturera que detecta la gran demanda de moldes de inyecci\u00f3n de alta calidad.<\/p>\n<p class=\"rs-justify\" style=\"font-size: 16px\">Desde entonces y utilizando los mismos est\u00e1ndares de fabricaci\u00f3n de partes aeroespacial (piezas conforme dibujo y especificaci\u00f3n), hemos estado construyendo todos los componentes de moldes seg\u00fan esta filosof\u00eda. Esto garantiza la consistencia de la calidad y la intercambiabilidad de los componentes.<\/p>\n<p class=\"rs-justify\" style=\"font-size: 16px\">Los moldes deben funcionar de manera consistente las 24 horas del d\u00eda, los 7 d\u00edas de la semana.<\/p>\n<p><\/div><\/div>\n\t<div class=\"wpb_text_column wpb_content_element\" >\n\t\t<div class=\"wpb_wrapper\">\n\t\t\t<div class=\"about-sec-content hm2_about_sec_cont hm3_about_sec_cont\">\n<div class=\"row\">\n<div class=\"col-md-12\">\n<ul>\n<li style=\"list-style-type: none;\">\n<ul>\n<li><img loading=\"lazy\" decoding=\"async\" class=\"alignnone size-full wp-image-746\" src=\"https:\/\/mmz.mx\/wp-content\/uploads\/2021\/09\/img_1.png\" alt=\"\" width=\"20\" height=\"18\" \/> Leaders in the Mexican market<\/li>\n<li><img loading=\"lazy\" decoding=\"async\" class=\"alignnone size-full wp-image-746\" src=\"https:\/\/mmz.mx\/wp-content\/uploads\/2021\/09\/img_1.png\" alt=\"\" width=\"20\" height=\"18\" \/> 60 Employees<\/li>\n<li><img loading=\"lazy\" decoding=\"async\" class=\"alignnone size-full wp-image-746\" src=\"https:\/\/mmz.mx\/wp-content\/uploads\/2021\/09\/img_1.png\" alt=\"\" width=\"20\" height=\"18\" \/> Size of our facilities: 2,334 m2 (2,334 m2)<\/li>\n<li><img loading=\"lazy\" decoding=\"async\" class=\"alignnone size-full wp-image-746\" src=\"https:\/\/mmz.mx\/wp-content\/uploads\/2021\/09\/img_1.png\" alt=\"\" width=\"20\" height=\"18\" \/> Mold testing capability<\/li>\n<\/ul>\n<\/li>\n<\/ul>\n<\/div>\n<\/div>\n<\/div>\n\n\t\t<\/div>\n\t<\/div>\n<\/div><\/div><\/div><\/div><div class=\"vc_row wpb_row vc_row-fluid\"><div class=\"wpb_column vc_column_container vc_col-sm-12\"><div class=\"vc_column-inner\"><div class=\"wpb_wrapper\"><\/div><\/div><\/div><\/div>\n<\/div>","protected":false},"excerpt":{"rendered":"Pioneros en la Industria Moldes Mendoza Sobre Nosotros Desde 1970, Moldes Mendoza se ha dedicado al dise\u00f1o y fabricaci\u00f3n de moldes ...","protected":false},"author":1,"featured_media":0,"parent":0,"menu_order":0,"comment_status":"closed","ping_status":"closed","template":"","meta":{"footnotes":""},"class_list":["post-168","page","type-page","status-publish","hentry"],"_links":{"self":[{"href":"https:\/\/mmz.mx\/en\/wp-json\/wp\/v2\/pages\/168","targetHints":{"allow":["GET"]}}],"collection":[{"href":"https:\/\/mmz.mx\/en\/wp-json\/wp\/v2\/pages"}],"about":[{"href":"https:\/\/mmz.mx\/en\/wp-json\/wp\/v2\/types\/page"}],"author":[{"embeddable":true,"href":"https:\/\/mmz.mx\/en\/wp-json\/wp\/v2\/users\/1"}],"replies":[{"embeddable":true,"href":"https:\/\/mmz.mx\/en\/wp-json\/wp\/v2\/comments?post=168"}],"version-history":[{"count":22,"href":"https:\/\/mmz.mx\/en\/wp-json\/wp\/v2\/pages\/168\/revisions"}],"predecessor-version":[{"id":1392,"href":"https:\/\/mmz.mx\/en\/wp-json\/wp\/v2\/pages\/168\/revisions\/1392"}],"wp:attachment":[{"href":"https:\/\/mmz.mx\/en\/wp-json\/wp\/v2\/media?parent=168"}],"curies":[{"name":"wp","href":"https:\/\/api.w.org\/{rel}","templated":true}]}}